{"id":614,"date":"2020-07-09T12:20:20","date_gmt":"2020-07-09T10:20:20","guid":{"rendered":"http:\/\/beyersdorf-entsorgung.de\/homepage\/?page_id=614"},"modified":"2020-07-10T01:27:37","modified_gmt":"2020-07-09T23:27:37","slug":"unsere-technik","status":"publish","type":"page","link":"https:\/\/beyersdorf-entsorgung.de\/homepage\/unsere-technik\/","title":{"rendered":"unsere Technik"},"content":{"rendered":"\t\t<div data-elementor-type=\"wp-page\" data-elementor-id=\"614\" class=\"elementor elementor-614\">\n\t\t\t\t\t\t\t\t\t<section class=\"elementor-section elementor-top-section elementor-element elementor-element-ab6ee71 elementor-section-boxed elementor-section-height-default elementor-section-height-default\" data-id=\"ab6ee71\" data-element_type=\"section\">\n\t\t\t\t\t\t<div class=\"elementor-container elementor-column-gap-default\">\n\t\t\t\t\t<div class=\"elementor-column elementor-col-100 elementor-top-column elementor-element elementor-element-5d12f6a\" data-id=\"5d12f6a\" data-element_type=\"column\">\n\t\t\t<div class=\"elementor-widget-wrap elementor-element-populated\">\n\t\t\t\t\t\t\t\t<div class=\"elementor-element elementor-element-076a33e elementor-widget elementor-widget-text-editor\" data-id=\"076a33e\" data-element_type=\"widget\" data-widget_type=\"text-editor.default\">\n\t\t\t\t<div class=\"elementor-widget-container\">\n\t\t\t\t\t\t\t<h1>Entsorgungs- und Einsatztechnik<\/h1><p>Hier finden Sie unsere f\u00fcr Sie im Einsatz befindliche Technik. Wir sind mit mehrern LKW&#8217;s f\u00fcr Sie in der Region Berlin Brandenburg unterwegs. Neben unserem Fuhrpark haben wir auch zahlreiche Spezialmaschinen f\u00fcr Ihre Bauarbeiten.\u00a0<\/p><p><a href=\"http:\/\/beyersdorf-entsorgung.de\/homepage\/kontakt\/\">Kontaktieren<\/a> Sie uns einfach, wir werden sicherlich eine L\u00f6sung finden.<\/p>\t\t\t\t\t\t<\/div>\n\t\t\t\t<\/div>\n\t\t\t\t\t<\/div>\n\t\t<\/div>\n\t\t\t\t\t\t\t<\/div>\n\t\t<\/section>\n\t\t\t\t<section class=\"elementor-section elementor-top-section elementor-element elementor-element-13fc65a elementor-section-boxed elementor-section-height-default elementor-section-height-default\" data-id=\"13fc65a\" data-element_type=\"section\">\n\t\t\t\t\t\t<div class=\"elementor-container elementor-column-gap-default\">\n\t\t\t\t\t<div class=\"elementor-column elementor-col-100 elementor-top-column elementor-element elementor-element-e8d5b5e\" data-id=\"e8d5b5e\" data-element_type=\"column\">\n\t\t\t<div class=\"elementor-widget-wrap elementor-element-populated\">\n\t\t\t\t\t\t\t\t<div class=\"elementor-element elementor-element-78cfcf0 elementor-arrows-position-inside elementor-pagination-position-outside elementor-widget elementor-widget-image-carousel\" data-id=\"78cfcf0\" data-element_type=\"widget\" data-settings=\"{&quot;slides_to_show&quot;:&quot;4&quot;,&quot;slides_to_scroll&quot;:&quot;4&quot;,&quot;navigation&quot;:&quot;both&quot;,&quot;autoplay&quot;:&quot;yes&quot;,&quot;pause_on_hover&quot;:&quot;yes&quot;,&quot;pause_on_interaction&quot;:&quot;yes&quot;,&quot;autoplay_speed&quot;:5000,&quot;infinite&quot;:&quot;yes&quot;,&quot;speed&quot;:500}\" data-widget_type=\"image-carousel.default\">\n\t\t\t\t<div class=\"elementor-widget-container\">\n\t\t\t\t\t<div class=\"elementor-image-carousel-wrapper swiper-container\" dir=\"ltr\">\n\t\t\t<div class=\"elementor-image-carousel swiper-wrapper\" aria-live=\"off\">\n\t\t\t\t\t\t\t\t<div class=\"swiper-slide\" role=\"group\" aria-roledescription=\"slide\" aria-label=\"1 von 13\"><a data-elementor-open-lightbox=\"yes\" data-elementor-lightbox-slideshow=\"78cfcf0\" data-elementor-lightbox-title=\"100920091594\" data-e-action-hash=\"#elementor-action%3Aaction%3Dlightbox%26settings%3DeyJpZCI6NTg5LCJ1cmwiOiJodHRwczpcL1wvYmV5ZXJzZG9yZi1lbnRzb3JndW5nLmRlXC9ob21lcGFnZVwvd3AtY29udGVudFwvdXBsb2Fkc1wvMjAyMFwvMDdcLzEwMDkyMDA5MTU5NC5qcGciLCJzbGlkZXNob3ciOiI3OGNmY2YwIn0%3D\" href=\"https:\/\/beyersdorf-entsorgung.de\/homepage\/wp-content\/uploads\/2020\/07\/100920091594.jpg\"><figure class=\"swiper-slide-inner\"><img decoding=\"async\" class=\"swiper-slide-image\" src=\"https:\/\/beyersdorf-entsorgung.de\/homepage\/wp-content\/uploads\/2020\/07\/100920091594-150x150.jpg\" alt=\"100920091594\" \/><\/figure><\/a><\/div><div class=\"swiper-slide\" role=\"group\" aria-roledescription=\"slide\" aria-label=\"2 von 13\"><a data-elementor-open-lightbox=\"yes\" data-elementor-lightbox-slideshow=\"78cfcf0\" data-elementor-lightbox-title=\"OLYMPUS DIGITAL CAMERA\" data-e-action-hash=\"#elementor-action%3Aaction%3Dlightbox%26settings%3DeyJpZCI6NjExLCJ1cmwiOiJodHRwczpcL1wvYmV5ZXJzZG9yZi1lbnRzb3JndW5nLmRlXC9ob21lcGFnZVwvd3AtY29udGVudFwvdXBsb2Fkc1wvMjAyMFwvMDdcL2NvbnRhaW5lcmRpZW5zdElNR18wMjI1LTYuanBnIiwic2xpZGVzaG93IjoiNzhjZmNmMCJ9\" href=\"https:\/\/beyersdorf-entsorgung.de\/homepage\/wp-content\/uploads\/2020\/07\/containerdienstIMG_0225-6.jpg\"><figure class=\"swiper-slide-inner\"><img decoding=\"async\" class=\"swiper-slide-image\" src=\"https:\/\/beyersdorf-entsorgung.de\/homepage\/wp-content\/uploads\/2020\/07\/containerdienstIMG_0225-6-150x150.jpg\" alt=\"OLYMPUS DIGITAL CAMERA\" \/><\/figure><\/a><\/div><div class=\"swiper-slide\" role=\"group\" aria-roledescription=\"slide\" aria-label=\"3 von 13\"><a data-elementor-open-lightbox=\"yes\" data-elementor-lightbox-slideshow=\"78cfcf0\" data-elementor-lightbox-title=\"19022009929\" data-e-action-hash=\"#elementor-action%3Aaction%3Dlightbox%26settings%3DeyJpZCI6NTc3LCJ1cmwiOiJodHRwczpcL1wvYmV5ZXJzZG9yZi1lbnRzb3JndW5nLmRlXC9ob21lcGFnZVwvd3AtY29udGVudFwvdXBsb2Fkc1wvMjAyMFwvMDdcLzE5MDIyMDA5OTI5LmpwZyIsInNsaWRlc2hvdyI6Ijc4Y2ZjZjAifQ%3D%3D\" href=\"https:\/\/beyersdorf-entsorgung.de\/homepage\/wp-content\/uploads\/2020\/07\/19022009929.jpg\"><figure class=\"swiper-slide-inner\"><img decoding=\"async\" class=\"swiper-slide-image\" src=\"https:\/\/beyersdorf-entsorgung.de\/homepage\/wp-content\/uploads\/2020\/07\/19022009929-150x150.jpg\" alt=\"19022009929\" \/><\/figure><\/a><\/div><div class=\"swiper-slide\" role=\"group\" aria-roledescription=\"slide\" aria-label=\"4 von 13\"><a data-elementor-open-lightbox=\"yes\" data-elementor-lightbox-slideshow=\"78cfcf0\" data-elementor-lightbox-title=\"02050014\" data-e-action-hash=\"#elementor-action%3Aaction%3Dlightbox%26settings%3DeyJpZCI6NTU0LCJ1cmwiOiJodHRwczpcL1wvYmV5ZXJzZG9yZi1lbnRzb3JndW5nLmRlXC9ob21lcGFnZVwvd3AtY29udGVudFwvdXBsb2Fkc1wvMjAyMFwvMDdcLzAyMDUwMDE0LmpwZyIsInNsaWRlc2hvdyI6Ijc4Y2ZjZjAifQ%3D%3D\" href=\"https:\/\/beyersdorf-entsorgung.de\/homepage\/wp-content\/uploads\/2020\/07\/02050014.jpg\"><figure class=\"swiper-slide-inner\"><img decoding=\"async\" class=\"swiper-slide-image\" src=\"https:\/\/beyersdorf-entsorgung.de\/homepage\/wp-content\/uploads\/2020\/07\/02050014-150x150.jpg\" alt=\"02050014\" \/><\/figure><\/a><\/div><div class=\"swiper-slide\" role=\"group\" aria-roledescription=\"slide\" aria-label=\"5 von 13\"><a data-elementor-open-lightbox=\"yes\" data-elementor-lightbox-slideshow=\"78cfcf0\" data-elementor-lightbox-title=\"090320102092\" data-e-action-hash=\"#elementor-action%3Aaction%3Dlightbox%26settings%3DeyJpZCI6NTg4LCJ1cmwiOiJodHRwczpcL1wvYmV5ZXJzZG9yZi1lbnRzb3JndW5nLmRlXC9ob21lcGFnZVwvd3AtY29udGVudFwvdXBsb2Fkc1wvMjAyMFwvMDdcLzA5MDMyMDEwMjA5Mi5qcGciLCJzbGlkZXNob3ciOiI3OGNmY2YwIn0%3D\" href=\"https:\/\/beyersdorf-entsorgung.de\/homepage\/wp-content\/uploads\/2020\/07\/090320102092.jpg\"><figure class=\"swiper-slide-inner\"><img decoding=\"async\" class=\"swiper-slide-image\" src=\"https:\/\/beyersdorf-entsorgung.de\/homepage\/wp-content\/uploads\/2020\/07\/090320102092-150x150.jpg\" alt=\"090320102092\" \/><\/figure><\/a><\/div><div class=\"swiper-slide\" role=\"group\" aria-roledescription=\"slide\" aria-label=\"6 von 13\"><a data-elementor-open-lightbox=\"yes\" data-elementor-lightbox-slideshow=\"78cfcf0\" data-elementor-lightbox-title=\"050320102089\" data-e-action-hash=\"#elementor-action%3Aaction%3Dlightbox%26settings%3DeyJpZCI6NTgxLCJ1cmwiOiJodHRwczpcL1wvYmV5ZXJzZG9yZi1lbnRzb3JndW5nLmRlXC9ob21lcGFnZVwvd3AtY29udGVudFwvdXBsb2Fkc1wvMjAyMFwvMDdcLzA1MDMyMDEwMjA4OS5qcGciLCJzbGlkZXNob3ciOiI3OGNmY2YwIn0%3D\" href=\"https:\/\/beyersdorf-entsorgung.de\/homepage\/wp-content\/uploads\/2020\/07\/050320102089.jpg\"><figure class=\"swiper-slide-inner\"><img decoding=\"async\" class=\"swiper-slide-image\" src=\"https:\/\/beyersdorf-entsorgung.de\/homepage\/wp-content\/uploads\/2020\/07\/050320102089-150x150.jpg\" alt=\"050320102089\" \/><\/figure><\/a><\/div><div class=\"swiper-slide\" role=\"group\" aria-roledescription=\"slide\" aria-label=\"7 von 13\"><a data-elementor-open-lightbox=\"yes\" data-elementor-lightbox-slideshow=\"78cfcf0\" data-elementor-lightbox-title=\"160320102114\" data-e-action-hash=\"#elementor-action%3Aaction%3Dlightbox%26settings%3DeyJpZCI6NTkzLCJ1cmwiOiJodHRwczpcL1wvYmV5ZXJzZG9yZi1lbnRzb3JndW5nLmRlXC9ob21lcGFnZVwvd3AtY29udGVudFwvdXBsb2Fkc1wvMjAyMFwvMDdcLzE2MDMyMDEwMjExNC5qcGciLCJzbGlkZXNob3ciOiI3OGNmY2YwIn0%3D\" href=\"https:\/\/beyersdorf-entsorgung.de\/homepage\/wp-content\/uploads\/2020\/07\/160320102114.jpg\"><figure class=\"swiper-slide-inner\"><img decoding=\"async\" class=\"swiper-slide-image\" src=\"https:\/\/beyersdorf-entsorgung.de\/homepage\/wp-content\/uploads\/2020\/07\/160320102114-150x150.jpg\" alt=\"160320102114\" \/><\/figure><\/a><\/div><div class=\"swiper-slide\" role=\"group\" aria-roledescription=\"slide\" aria-label=\"8 von 13\"><a data-elementor-open-lightbox=\"yes\" data-elementor-lightbox-slideshow=\"78cfcf0\" data-elementor-lightbox-title=\"201120102406\" data-e-action-hash=\"#elementor-action%3Aaction%3Dlightbox%26settings%3DeyJpZCI6NTk0LCJ1cmwiOiJodHRwczpcL1wvYmV5ZXJzZG9yZi1lbnRzb3JndW5nLmRlXC9ob21lcGFnZVwvd3AtY29udGVudFwvdXBsb2Fkc1wvMjAyMFwvMDdcLzIwMTEyMDEwMjQwNi5qcGciLCJzbGlkZXNob3ciOiI3OGNmY2YwIn0%3D\" href=\"https:\/\/beyersdorf-entsorgung.de\/homepage\/wp-content\/uploads\/2020\/07\/201120102406.jpg\"><figure class=\"swiper-slide-inner\"><img decoding=\"async\" class=\"swiper-slide-image\" src=\"https:\/\/beyersdorf-entsorgung.de\/homepage\/wp-content\/uploads\/2020\/07\/201120102406-150x150.jpg\" alt=\"201120102406\" \/><\/figure><\/a><\/div><div class=\"swiper-slide\" role=\"group\" aria-roledescription=\"slide\" aria-label=\"9 von 13\"><a data-elementor-open-lightbox=\"yes\" data-elementor-lightbox-slideshow=\"78cfcf0\" data-elementor-lightbox-title=\"23042010088\" data-e-action-hash=\"#elementor-action%3Aaction%3Dlightbox%26settings%3DeyJpZCI6NTgwLCJ1cmwiOiJodHRwczpcL1wvYmV5ZXJzZG9yZi1lbnRzb3JndW5nLmRlXC9ob21lcGFnZVwvd3AtY29udGVudFwvdXBsb2Fkc1wvMjAyMFwvMDdcLzIzMDQyMDEwMDg4LXNjYWxlZC5qcGciLCJzbGlkZXNob3ciOiI3OGNmY2YwIn0%3D\" href=\"https:\/\/beyersdorf-entsorgung.de\/homepage\/wp-content\/uploads\/2020\/07\/23042010088-scaled.jpg\"><figure class=\"swiper-slide-inner\"><img decoding=\"async\" class=\"swiper-slide-image\" src=\"https:\/\/beyersdorf-entsorgung.de\/homepage\/wp-content\/uploads\/2020\/07\/23042010088-150x150.jpg\" alt=\"23042010088\" \/><\/figure><\/a><\/div><div class=\"swiper-slide\" role=\"group\" aria-roledescription=\"slide\" aria-label=\"10 von 13\"><a data-elementor-open-lightbox=\"yes\" data-elementor-lightbox-slideshow=\"78cfcf0\" data-elementor-lightbox-title=\"13042011414\" data-e-action-hash=\"#elementor-action%3Aaction%3Dlightbox%26settings%3DeyJpZCI6NTczLCJ1cmwiOiJodHRwczpcL1wvYmV5ZXJzZG9yZi1lbnRzb3JndW5nLmRlXC9ob21lcGFnZVwvd3AtY29udGVudFwvdXBsb2Fkc1wvMjAyMFwvMDdcLzEzMDQyMDExNDE0LmpwZyIsInNsaWRlc2hvdyI6Ijc4Y2ZjZjAifQ%3D%3D\" href=\"https:\/\/beyersdorf-entsorgung.de\/homepage\/wp-content\/uploads\/2020\/07\/13042011414.jpg\"><figure class=\"swiper-slide-inner\"><img decoding=\"async\" class=\"swiper-slide-image\" src=\"https:\/\/beyersdorf-entsorgung.de\/homepage\/wp-content\/uploads\/2020\/07\/13042011414-150x150.jpg\" alt=\"13042011414\" \/><\/figure><\/a><\/div><div class=\"swiper-slide\" role=\"group\" aria-roledescription=\"slide\" aria-label=\"11 von 13\"><a data-elementor-open-lightbox=\"yes\" data-elementor-lightbox-slideshow=\"78cfcf0\" data-elementor-lightbox-title=\"04290012\" data-e-action-hash=\"#elementor-action%3Aaction%3Dlightbox%26settings%3DeyJpZCI6NTYxLCJ1cmwiOiJodHRwczpcL1wvYmV5ZXJzZG9yZi1lbnRzb3JndW5nLmRlXC9ob21lcGFnZVwvd3AtY29udGVudFwvdXBsb2Fkc1wvMjAyMFwvMDdcLzA0MjkwMDEyLmpwZyIsInNsaWRlc2hvdyI6Ijc4Y2ZjZjAifQ%3D%3D\" href=\"https:\/\/beyersdorf-entsorgung.de\/homepage\/wp-content\/uploads\/2020\/07\/04290012.jpg\"><figure class=\"swiper-slide-inner\"><img decoding=\"async\" class=\"swiper-slide-image\" src=\"https:\/\/beyersdorf-entsorgung.de\/homepage\/wp-content\/uploads\/2020\/07\/04290012-150x150.jpg\" alt=\"04290012\" \/><\/figure><\/a><\/div><div class=\"swiper-slide\" role=\"group\" aria-roledescription=\"slide\" aria-label=\"12 von 13\"><a data-elementor-open-lightbox=\"yes\" data-elementor-lightbox-slideshow=\"78cfcf0\" data-elementor-lightbox-title=\"02170003\" data-e-action-hash=\"#elementor-action%3Aaction%3Dlightbox%26settings%3DeyJpZCI6NTU4LCJ1cmwiOiJodHRwczpcL1wvYmV5ZXJzZG9yZi1lbnRzb3JndW5nLmRlXC9ob21lcGFnZVwvd3AtY29udGVudFwvdXBsb2Fkc1wvMjAyMFwvMDdcLzAyMTcwMDAzLmpwZyIsInNsaWRlc2hvdyI6Ijc4Y2ZjZjAifQ%3D%3D\" href=\"https:\/\/beyersdorf-entsorgung.de\/homepage\/wp-content\/uploads\/2020\/07\/02170003.jpg\"><figure class=\"swiper-slide-inner\"><img decoding=\"async\" class=\"swiper-slide-image\" src=\"https:\/\/beyersdorf-entsorgung.de\/homepage\/wp-content\/uploads\/2020\/07\/02170003-150x150.jpg\" alt=\"02170003\" \/><\/figure><\/a><\/div><div class=\"swiper-slide\" role=\"group\" aria-roledescription=\"slide\" aria-label=\"13 von 13\"><a data-elementor-open-lightbox=\"yes\" data-elementor-lightbox-slideshow=\"78cfcf0\" data-elementor-lightbox-title=\"containerdienstIMG_0225 (3)\" data-e-action-hash=\"#elementor-action%3Aaction%3Dlightbox%26settings%3DeyJpZCI6NjA5LCJ1cmwiOiJodHRwczpcL1wvYmV5ZXJzZG9yZi1lbnRzb3JndW5nLmRlXC9ob21lcGFnZVwvd3AtY29udGVudFwvdXBsb2Fkc1wvMjAyMFwvMDdcL2NvbnRhaW5lcmRpZW5zdElNR18wMjI1LTMuanBnIiwic2xpZGVzaG93IjoiNzhjZmNmMCJ9\" href=\"https:\/\/beyersdorf-entsorgung.de\/homepage\/wp-content\/uploads\/2020\/07\/containerdienstIMG_0225-3.jpg\"><figure class=\"swiper-slide-inner\"><img decoding=\"async\" class=\"swiper-slide-image\" src=\"https:\/\/beyersdorf-entsorgung.de\/homepage\/wp-content\/uploads\/2020\/07\/containerdienstIMG_0225-3-150x150.jpg\" alt=\"containerdienstIMG_0225 (3)\" \/><\/figure><\/a><\/div>\t\t\t<\/div>\n\t\t\t\t\t\t\t\t\t\t\t\t<div class=\"elementor-swiper-button elementor-swiper-button-prev\" role=\"button\" tabindex=\"0\">\n\t\t\t\t\t\t<i aria-hidden=\"true\" class=\"eicon-chevron-left\"><\/i>\t\t\t\t\t<\/div>\n\t\t\t\t\t<div class=\"elementor-swiper-button elementor-swiper-button-next\" role=\"button\" tabindex=\"0\">\n\t\t\t\t\t\t<i aria-hidden=\"true\" class=\"eicon-chevron-right\"><\/i>\t\t\t\t\t<\/div>\n\t\t\t\t\n\t\t\t\t\t\t\t\t\t<div class=\"swiper-pagination\"><\/div>\n\t\t\t\t\t\t\t\t\t<\/div>\n\t\t\t\t<\/div>\n\t\t\t\t<\/div>\n\t\t\t\t\t<\/div>\n\t\t<\/div>\n\t\t\t\t\t\t\t<\/div>\n\t\t<\/section>\n\t\t\t\t\t\t\t<\/div>\n\t\t","protected":false},"excerpt":{"rendered":"<p>Entsorgungs- und Einsatztechnik Hier finden Sie unsere f\u00fcr Sie im Einsatz befindliche Technik. Wir sind mit mehrern LKW&#8217;s f\u00fcr Sie in der Region Berlin Brandenburg unterwegs. Neben unserem Fuhrpark haben wir auch zahlreiche Spezialmaschinen f\u00fcr Ihre Bauarbeiten.\u00a0 Kontaktieren Sie uns einfach, wir werden sicherlich eine L\u00f6sung finden. Zur\u00fcck Weiter<\/p>\n","protected":false},"author":1,"featured_media":0,"parent":0,"menu_order":0,"comment_status":"closed","ping_status":"closed","template":"","meta":{"footnotes":""},"jetpack_sharing_enabled":true,"_links":{"self":[{"href":"https:\/\/beyersdorf-entsorgung.de\/homepage\/wp-json\/wp\/v2\/pages\/614"}],"collection":[{"href":"https:\/\/beyersdorf-entsorgung.de\/homepage\/wp-json\/wp\/v2\/pages"}],"about":[{"href":"https:\/\/beyersdorf-entsorgung.de\/homepage\/wp-json\/wp\/v2\/types\/page"}],"author":[{"embeddable":true,"href":"https:\/\/beyersdorf-entsorgung.de\/homepage\/wp-json\/wp\/v2\/users\/1"}],"replies":[{"embeddable":true,"href":"https:\/\/beyersdorf-entsorgung.de\/homepage\/wp-json\/wp\/v2\/comments?post=614"}],"version-history":[{"count":4,"href":"https:\/\/beyersdorf-entsorgung.de\/homepage\/wp-json\/wp\/v2\/pages\/614\/revisions"}],"predecessor-version":[{"id":674,"href":"https:\/\/beyersdorf-entsorgung.de\/homepage\/wp-json\/wp\/v2\/pages\/614\/revisions\/674"}],"wp:attachment":[{"href":"https:\/\/beyersdorf-entsorgung.de\/homepage\/wp-json\/wp\/v2\/media?parent=614"}],"curies":[{"name":"wp","href":"https:\/\/api.w.org\/{rel}","templated":true}]}}