{"id":612,"date":"2020-07-09T12:20:08","date_gmt":"2020-07-09T10:20:08","guid":{"rendered":"http:\/\/beyersdorf-entsorgung.de\/homepage\/?page_id=612"},"modified":"2020-07-10T01:14:33","modified_gmt":"2020-07-09T23:14:33","slug":"brennholz","status":"publish","type":"page","link":"https:\/\/beyersdorf-entsorgung.de\/homepage\/brennholz\/","title":{"rendered":"Brennholz"},"content":{"rendered":"\t\t<div data-elementor-type=\"wp-page\" data-elementor-id=\"612\" class=\"elementor elementor-612\">\n\t\t\t\t\t\t\t\t\t<section class=\"elementor-section elementor-top-section elementor-element elementor-element-8ae9892 elementor-section-boxed elementor-section-height-default elementor-section-height-default\" data-id=\"8ae9892\" data-element_type=\"section\">\n\t\t\t\t\t\t<div class=\"elementor-container elementor-column-gap-default\">\n\t\t\t\t\t<div class=\"elementor-column elementor-col-50 elementor-top-column elementor-element elementor-element-874fba9\" data-id=\"874fba9\" data-element_type=\"column\">\n\t\t\t<div class=\"elementor-widget-wrap elementor-element-populated\">\n\t\t\t\t\t\t\t\t<div class=\"elementor-element elementor-element-aaaa889 elementor-widget elementor-widget-wp-widget-media_gallery\" data-id=\"aaaa889\" data-element_type=\"widget\" data-widget_type=\"wp-widget-media_gallery.default\">\n\t\t\t\t<div class=\"elementor-widget-container\">\n\t\t\t<div id='gallery-1' class='gallery galleryid-612 gallery-columns-3 gallery-size-thumbnail'><figure class='gallery-item'>\n\t\t\t<div class='gallery-icon landscape'>\n\t\t\t\t<a data-elementor-open-lightbox=\"yes\" data-elementor-lightbox-slideshow=\"aaaa889\" data-elementor-lightbox-title=\"261120102420\" data-e-action-hash=\"#elementor-action%3Aaction%3Dlightbox%26settings%3DeyJpZCI6NTk2LCJ1cmwiOiJodHRwczpcL1wvYmV5ZXJzZG9yZi1lbnRzb3JndW5nLmRlXC9ob21lcGFnZVwvd3AtY29udGVudFwvdXBsb2Fkc1wvMjAyMFwvMDdcLzI2MTEyMDEwMjQyMC5qcGciLCJzbGlkZXNob3ciOiJhYWFhODg5In0%3D\" href='https:\/\/beyersdorf-entsorgung.de\/homepage\/261120102420\/'><img decoding=\"async\" width=\"150\" height=\"150\" src=\"https:\/\/beyersdorf-entsorgung.de\/homepage\/wp-content\/uploads\/2020\/07\/261120102420-150x150.jpg\" class=\"attachment-thumbnail size-thumbnail\" alt=\"\" \/><\/a>\n\t\t\t<\/div><\/figure><figure class='gallery-item'>\n\t\t\t<div class='gallery-icon landscape'>\n\t\t\t\t<a data-elementor-open-lightbox=\"yes\" data-elementor-lightbox-slideshow=\"aaaa889\" data-elementor-lightbox-title=\"13042011402\" data-e-action-hash=\"#elementor-action%3Aaction%3Dlightbox%26settings%3DeyJpZCI6NTcwLCJ1cmwiOiJodHRwczpcL1wvYmV5ZXJzZG9yZi1lbnRzb3JndW5nLmRlXC9ob21lcGFnZVwvd3AtY29udGVudFwvdXBsb2Fkc1wvMjAyMFwvMDdcLzEzMDQyMDExNDAyLmpwZyIsInNsaWRlc2hvdyI6ImFhYWE4ODkifQ%3D%3D\" href='https:\/\/beyersdorf-entsorgung.de\/homepage\/13042011402\/'><img decoding=\"async\" width=\"150\" height=\"150\" src=\"https:\/\/beyersdorf-entsorgung.de\/homepage\/wp-content\/uploads\/2020\/07\/13042011402-150x150.jpg\" class=\"attachment-thumbnail size-thumbnail\" alt=\"\" \/><\/a>\n\t\t\t<\/div><\/figure><figure class='gallery-item'>\n\t\t\t<div class='gallery-icon landscape'>\n\t\t\t\t<a data-elementor-open-lightbox=\"yes\" data-elementor-lightbox-slideshow=\"aaaa889\" data-elementor-lightbox-title=\"13042011406\" data-e-action-hash=\"#elementor-action%3Aaction%3Dlightbox%26settings%3DeyJpZCI6NTcxLCJ1cmwiOiJodHRwczpcL1wvYmV5ZXJzZG9yZi1lbnRzb3JndW5nLmRlXC9ob21lcGFnZVwvd3AtY29udGVudFwvdXBsb2Fkc1wvMjAyMFwvMDdcLzEzMDQyMDExNDA2LmpwZyIsInNsaWRlc2hvdyI6ImFhYWE4ODkifQ%3D%3D\" href='https:\/\/beyersdorf-entsorgung.de\/homepage\/13042011406\/'><img decoding=\"async\" width=\"150\" height=\"150\" src=\"https:\/\/beyersdorf-entsorgung.de\/homepage\/wp-content\/uploads\/2020\/07\/13042011406-150x150.jpg\" class=\"attachment-thumbnail size-thumbnail\" alt=\"\" \/><\/a>\n\t\t\t<\/div><\/figure><figure class='gallery-item'>\n\t\t\t<div class='gallery-icon landscape'>\n\t\t\t\t<a data-elementor-open-lightbox=\"yes\" data-elementor-lightbox-slideshow=\"aaaa889\" data-elementor-lightbox-title=\"13042011414\" data-e-action-hash=\"#elementor-action%3Aaction%3Dlightbox%26settings%3DeyJpZCI6NTczLCJ1cmwiOiJodHRwczpcL1wvYmV5ZXJzZG9yZi1lbnRzb3JndW5nLmRlXC9ob21lcGFnZVwvd3AtY29udGVudFwvdXBsb2Fkc1wvMjAyMFwvMDdcLzEzMDQyMDExNDE0LmpwZyIsInNsaWRlc2hvdyI6ImFhYWE4ODkifQ%3D%3D\" href='https:\/\/beyersdorf-entsorgung.de\/homepage\/13042011414\/'><img loading=\"lazy\" decoding=\"async\" width=\"150\" height=\"150\" src=\"https:\/\/beyersdorf-entsorgung.de\/homepage\/wp-content\/uploads\/2020\/07\/13042011414-150x150.jpg\" class=\"attachment-thumbnail size-thumbnail\" alt=\"\" \/><\/a>\n\t\t\t<\/div><\/figure><figure class='gallery-item'>\n\t\t\t<div class='gallery-icon landscape'>\n\t\t\t\t<a data-elementor-open-lightbox=\"yes\" data-elementor-lightbox-slideshow=\"aaaa889\" data-elementor-lightbox-title=\"02170004\" data-e-action-hash=\"#elementor-action%3Aaction%3Dlightbox%26settings%3DeyJpZCI6NTU5LCJ1cmwiOiJodHRwczpcL1wvYmV5ZXJzZG9yZi1lbnRzb3JndW5nLmRlXC9ob21lcGFnZVwvd3AtY29udGVudFwvdXBsb2Fkc1wvMjAyMFwvMDdcLzAyMTcwMDA0LmpwZyIsInNsaWRlc2hvdyI6ImFhYWE4ODkifQ%3D%3D\" href='https:\/\/beyersdorf-entsorgung.de\/homepage\/02170004\/'><img loading=\"lazy\" decoding=\"async\" width=\"150\" height=\"150\" src=\"https:\/\/beyersdorf-entsorgung.de\/homepage\/wp-content\/uploads\/2020\/07\/02170004-150x150.jpg\" class=\"attachment-thumbnail size-thumbnail\" alt=\"\" \/><\/a>\n\t\t\t<\/div><\/figure><figure class='gallery-item'>\n\t\t\t<div class='gallery-icon landscape'>\n\t\t\t\t<a data-elementor-open-lightbox=\"yes\" data-elementor-lightbox-slideshow=\"aaaa889\" data-elementor-lightbox-title=\"160320102104\" data-e-action-hash=\"#elementor-action%3Aaction%3Dlightbox%26settings%3DeyJpZCI6NTkyLCJ1cmwiOiJodHRwczpcL1wvYmV5ZXJzZG9yZi1lbnRzb3JndW5nLmRlXC9ob21lcGFnZVwvd3AtY29udGVudFwvdXBsb2Fkc1wvMjAyMFwvMDdcLzE2MDMyMDEwMjEwNC5qcGciLCJzbGlkZXNob3ciOiJhYWFhODg5In0%3D\" href='https:\/\/beyersdorf-entsorgung.de\/homepage\/160320102104\/'><img loading=\"lazy\" decoding=\"async\" width=\"150\" height=\"150\" src=\"https:\/\/beyersdorf-entsorgung.de\/homepage\/wp-content\/uploads\/2020\/07\/160320102104-150x150.jpg\" class=\"attachment-thumbnail size-thumbnail\" alt=\"\" \/><\/a>\n\t\t\t<\/div><\/figure><figure class='gallery-item'>\n\t\t\t<div class='gallery-icon landscape'>\n\t\t\t\t<a data-elementor-open-lightbox=\"yes\" data-elementor-lightbox-slideshow=\"aaaa889\" data-elementor-lightbox-title=\"23042010088\" data-e-action-hash=\"#elementor-action%3Aaction%3Dlightbox%26settings%3DeyJpZCI6NTgwLCJ1cmwiOiJodHRwczpcL1wvYmV5ZXJzZG9yZi1lbnRzb3JndW5nLmRlXC9ob21lcGFnZVwvd3AtY29udGVudFwvdXBsb2Fkc1wvMjAyMFwvMDdcLzIzMDQyMDEwMDg4LXNjYWxlZC5qcGciLCJzbGlkZXNob3ciOiJhYWFhODg5In0%3D\" href='https:\/\/beyersdorf-entsorgung.de\/homepage\/23042010088\/'><img loading=\"lazy\" decoding=\"async\" width=\"150\" height=\"150\" src=\"https:\/\/beyersdorf-entsorgung.de\/homepage\/wp-content\/uploads\/2020\/07\/23042010088-150x150.jpg\" class=\"attachment-thumbnail size-thumbnail\" alt=\"\" \/><\/a>\n\t\t\t<\/div><\/figure><figure class='gallery-item'>\n\t\t\t<div class='gallery-icon landscape'>\n\t\t\t\t<a data-elementor-open-lightbox=\"yes\" data-elementor-lightbox-slideshow=\"aaaa889\" data-elementor-lightbox-title=\"13042011410\" data-e-action-hash=\"#elementor-action%3Aaction%3Dlightbox%26settings%3DeyJpZCI6NTcyLCJ1cmwiOiJodHRwczpcL1wvYmV5ZXJzZG9yZi1lbnRzb3JndW5nLmRlXC9ob21lcGFnZVwvd3AtY29udGVudFwvdXBsb2Fkc1wvMjAyMFwvMDdcLzEzMDQyMDExNDEwLmpwZyIsInNsaWRlc2hvdyI6ImFhYWE4ODkifQ%3D%3D\" href='https:\/\/beyersdorf-entsorgung.de\/homepage\/13042011410\/'><img loading=\"lazy\" decoding=\"async\" width=\"150\" height=\"150\" src=\"https:\/\/beyersdorf-entsorgung.de\/homepage\/wp-content\/uploads\/2020\/07\/13042011410-150x150.jpg\" class=\"attachment-thumbnail size-thumbnail\" alt=\"\" \/><\/a>\n\t\t\t<\/div><\/figure><figure class='gallery-item'>\n\t\t\t<div class='gallery-icon landscape'>\n\t\t\t\t<a data-elementor-open-lightbox=\"yes\" data-elementor-lightbox-slideshow=\"aaaa889\" data-elementor-lightbox-title=\"04290012\" data-e-action-hash=\"#elementor-action%3Aaction%3Dlightbox%26settings%3DeyJpZCI6NTYxLCJ1cmwiOiJodHRwczpcL1wvYmV5ZXJzZG9yZi1lbnRzb3JndW5nLmRlXC9ob21lcGFnZVwvd3AtY29udGVudFwvdXBsb2Fkc1wvMjAyMFwvMDdcLzA0MjkwMDEyLmpwZyIsInNsaWRlc2hvdyI6ImFhYWE4ODkifQ%3D%3D\" href='https:\/\/beyersdorf-entsorgung.de\/homepage\/04290012\/'><img loading=\"lazy\" decoding=\"async\" width=\"150\" height=\"150\" src=\"https:\/\/beyersdorf-entsorgung.de\/homepage\/wp-content\/uploads\/2020\/07\/04290012-150x150.jpg\" class=\"attachment-thumbnail size-thumbnail\" alt=\"\" \/><\/a>\n\t\t\t<\/div><\/figure>\n\t\t<\/div>\n\t\t<\/div>\n\t\t\t\t<\/div>\n\t\t\t\t\t<\/div>\n\t\t<\/div>\n\t\t\t\t<div class=\"elementor-column elementor-col-50 elementor-top-column elementor-element elementor-element-caf4818\" data-id=\"caf4818\" data-element_type=\"column\">\n\t\t\t<div class=\"elementor-widget-wrap elementor-element-populated\">\n\t\t\t\t\t\t\t\t<div class=\"elementor-element elementor-element-6cfc86f elementor-widget elementor-widget-text-editor\" data-id=\"6cfc86f\" data-element_type=\"widget\" data-widget_type=\"text-editor.default\">\n\t\t\t\t<div class=\"elementor-widget-container\">\n\t\t\t\t\t\t\t<h1>Brennholz f\u00fcr Ihr Eigenheim<\/h1><p>Wir stellen Ihnen jeden Winter neues Brennholz f\u00fcr Ihr Eigenheim. Sie k\u00f6nnen dabei zwischen festen und losem Raummeter w\u00e4hlen. Lieferung erfolgt bereits ab 1 Raummeter. Das Holz (Fichte, Kiefer, Birke, Tanne) stammt auch heimischen W\u00e4ldern und kann auf Wunsch auch f\u00fcr Sie gespalten abgegeben werden.<\/p><p>Abholung ist nat\u00fcrlich auch m\u00f6glich. Sprechen Sie uns an.<\/p>\t\t\t\t\t\t<\/div>\n\t\t\t\t<\/div>\n\t\t\t\t\t<\/div>\n\t\t<\/div>\n\t\t\t\t\t\t\t<\/div>\n\t\t<\/section>\n\t\t\t\t\t\t\t<\/div>\n\t\t","protected":false},"excerpt":{"rendered":"<p>Brennholz f\u00fcr Ihr Eigenheim Wir stellen Ihnen jeden Winter neues Brennholz f\u00fcr Ihr Eigenheim. Sie k\u00f6nnen dabei zwischen festen und losem Raummeter w\u00e4hlen. Lieferung erfolgt bereits ab 1 Raummeter. Das Holz (Fichte, Kiefer, Birke, Tanne) stammt auch heimischen W\u00e4ldern und kann auf Wunsch auch f\u00fcr Sie gespalten abgegeben werden. Abholung ist nat\u00fcrlich auch m\u00f6glich. Sprechen [&hellip;]<\/p>\n","protected":false},"author":1,"featured_media":0,"parent":0,"menu_order":0,"comment_status":"closed","ping_status":"closed","template":"","meta":{"footnotes":""},"jetpack_sharing_enabled":true,"_links":{"self":[{"href":"https:\/\/beyersdorf-entsorgung.de\/homepage\/wp-json\/wp\/v2\/pages\/612"}],"collection":[{"href":"https:\/\/beyersdorf-entsorgung.de\/homepage\/wp-json\/wp\/v2\/pages"}],"about":[{"href":"https:\/\/beyersdorf-entsorgung.de\/homepage\/wp-json\/wp\/v2\/types\/page"}],"author":[{"embeddable":true,"href":"https:\/\/beyersdorf-entsorgung.de\/homepage\/wp-json\/wp\/v2\/users\/1"}],"replies":[{"embeddable":true,"href":"https:\/\/beyersdorf-entsorgung.de\/homepage\/wp-json\/wp\/v2\/comments?post=612"}],"version-history":[{"count":3,"href":"https:\/\/beyersdorf-entsorgung.de\/homepage\/wp-json\/wp\/v2\/pages\/612\/revisions"}],"predecessor-version":[{"id":671,"href":"https:\/\/beyersdorf-entsorgung.de\/homepage\/wp-json\/wp\/v2\/pages\/612\/revisions\/671"}],"wp:attachment":[{"href":"https:\/\/beyersdorf-entsorgung.de\/homepage\/wp-json\/wp\/v2\/media?parent=612"}],"curies":[{"name":"wp","href":"https:\/\/api.w.org\/{rel}","templated":true}]}}