{"id":504,"date":"2020-07-09T10:13:25","date_gmt":"2020-07-09T08:13:25","guid":{"rendered":"http:\/\/beyersdorf-entsorgung.de\/homepage\/?page_id=504"},"modified":"2020-07-13T13:13:50","modified_gmt":"2020-07-13T11:13:50","slug":"abfallentsorgung","status":"publish","type":"page","link":"https:\/\/beyersdorf-entsorgung.de\/homepage\/abfallentsorgung\/","title":{"rendered":"Abfallentsorgung"},"content":{"rendered":"\t\t<div data-elementor-type=\"wp-page\" data-elementor-id=\"504\" class=\"elementor elementor-504\">\n\t\t\t\t\t\t\t\t\t<section class=\"elementor-section elementor-top-section elementor-element elementor-element-4e25901 elementor-section-boxed elementor-section-height-default elementor-section-height-default\" data-id=\"4e25901\" data-element_type=\"section\">\n\t\t\t\t\t\t<div class=\"elementor-container elementor-column-gap-default\">\n\t\t\t\t\t<div class=\"elementor-column elementor-col-50 elementor-top-column elementor-element elementor-element-c210429\" data-id=\"c210429\" data-element_type=\"column\">\n\t\t\t<div class=\"elementor-widget-wrap elementor-element-populated\">\n\t\t\t\t\t\t\t\t<div class=\"elementor-element elementor-element-dafacc5 elementor-widget elementor-widget-text-editor\" data-id=\"dafacc5\" data-element_type=\"widget\" data-widget_type=\"text-editor.default\">\n\t\t\t\t<div class=\"elementor-widget-container\">\n\t\t\t\t\t\t\t<h1>Abfallentsorgung<\/h1><p>Sie wollen Ihre Gr\u00fcnabfall und\/oder Bauabf\u00e4lle loswerden und wissen nicht wohin? Dann schauen Sie auf unserem Recyclinghof in Strausberg vorbei. Hier k\u00f6nnen Sie t\u00e4glich Ihre Abf\u00e4lle aller Art anliefern. Bei Sonderabfall wie Farben und Co wird ein Aufschlag f\u00e4llig bzw. kann die Annahme auch verweigert werden.<\/p><p>Gerne stellen wir Ihnen f\u00fcr Ihre Abf\u00e4lle den passenden Container. So m\u00fcssen Sie die Abf\u00e4lle nicht verladen und zu uns bringen, sondern werfen ihn bequem in den entsprechenden Container und wir \u00fcbernehmen die Abholung f\u00fcr Sie.<\/p>\t\t\t\t\t\t<\/div>\n\t\t\t\t<\/div>\n\t\t\t\t\t<\/div>\n\t\t<\/div>\n\t\t\t\t<div class=\"elementor-column elementor-col-50 elementor-top-column elementor-element elementor-element-31ae7f7\" data-id=\"31ae7f7\" data-element_type=\"column\">\n\t\t\t<div class=\"elementor-widget-wrap elementor-element-populated\">\n\t\t\t\t\t\t\t\t<section class=\"elementor-section elementor-inner-section elementor-element elementor-element-024261b elementor-section-boxed elementor-section-height-default elementor-section-height-default\" data-id=\"024261b\" data-element_type=\"section\">\n\t\t\t\t\t\t<div class=\"elementor-container elementor-column-gap-default\">\n\t\t\t\t\t<div class=\"elementor-column elementor-col-50 elementor-inner-column elementor-element elementor-element-68f59a7\" data-id=\"68f59a7\" data-element_type=\"column\">\n\t\t\t<div class=\"elementor-widget-wrap elementor-element-populated\">\n\t\t\t\t\t\t\t\t<div class=\"elementor-element elementor-element-445cdbe elementor-widget elementor-widget-image\" data-id=\"445cdbe\" data-element_type=\"widget\" data-widget_type=\"image.default\">\n\t\t\t\t<div class=\"elementor-widget-container\">\n\t\t\t\t\t\t\t\t\t\t\t\t\t\t\t<img fetchpriority=\"high\" decoding=\"async\" width=\"480\" height=\"640\" src=\"https:\/\/beyersdorf-entsorgung.de\/homepage\/wp-content\/uploads\/2020\/07\/Abbruch-Georg-Kurzestr.25-010.bmp\" class=\"attachment-large size-large wp-image-600\" alt=\"\" \/>\t\t\t\t\t\t\t\t\t\t\t\t\t\t\t<\/div>\n\t\t\t\t<\/div>\n\t\t\t\t\t<\/div>\n\t\t<\/div>\n\t\t\t\t<div class=\"elementor-column elementor-col-50 elementor-inner-column elementor-element elementor-element-51ae78a\" data-id=\"51ae78a\" data-element_type=\"column\">\n\t\t\t<div class=\"elementor-widget-wrap elementor-element-populated\">\n\t\t\t\t\t\t\t\t<div class=\"elementor-element elementor-element-82a12e3 elementor-widget elementor-widget-image\" data-id=\"82a12e3\" data-element_type=\"widget\" data-widget_type=\"image.default\">\n\t\t\t\t<div class=\"elementor-widget-container\">\n\t\t\t\t\t\t\t\t\t\t\t\t\t\t\t<img decoding=\"async\" width=\"480\" height=\"640\" src=\"https:\/\/beyersdorf-entsorgung.de\/homepage\/wp-content\/uploads\/2020\/07\/Abbruch-Georg-Kurzestr.25-006.bmp\" class=\"attachment-large size-large wp-image-599\" alt=\"\" \/>\t\t\t\t\t\t\t\t\t\t\t\t\t\t\t<\/div>\n\t\t\t\t<\/div>\n\t\t\t\t\t<\/div>\n\t\t<\/div>\n\t\t\t\t\t\t\t<\/div>\n\t\t<\/section>\n\t\t\t\t<div class=\"elementor-element elementor-element-d9ae37c elementor-widget elementor-widget-image\" data-id=\"d9ae37c\" data-element_type=\"widget\" data-widget_type=\"image.default\">\n\t\t\t\t<div class=\"elementor-widget-container\">\n\t\t\t\t\t\t\t\t\t\t\t\t\t\t\t<img decoding=\"async\" width=\"1024\" height=\"768\" src=\"https:\/\/beyersdorf-entsorgung.de\/homepage\/wp-content\/uploads\/2020\/07\/260320102137-1024x768.jpg\" class=\"attachment-large size-large wp-image-595\" alt=\"\" srcset=\"https:\/\/beyersdorf-entsorgung.de\/homepage\/wp-content\/uploads\/2020\/07\/260320102137-1024x768.jpg 1024w, https:\/\/beyersdorf-entsorgung.de\/homepage\/wp-content\/uploads\/2020\/07\/260320102137-300x225.jpg 300w, https:\/\/beyersdorf-entsorgung.de\/homepage\/wp-content\/uploads\/2020\/07\/260320102137-768x576.jpg 768w, https:\/\/beyersdorf-entsorgung.de\/homepage\/wp-content\/uploads\/2020\/07\/260320102137-1536x1152.jpg 1536w, https:\/\/beyersdorf-entsorgung.de\/homepage\/wp-content\/uploads\/2020\/07\/260320102137.jpg 2048w\" sizes=\"(max-width: 1024px) 100vw, 1024px\" \/>\t\t\t\t\t\t\t\t\t\t\t\t\t\t\t<\/div>\n\t\t\t\t<\/div>\n\t\t\t\t\t<\/div>\n\t\t<\/div>\n\t\t\t\t\t\t\t<\/div>\n\t\t<\/section>\n\t\t\t\t\t\t\t<\/div>\n\t\t","protected":false},"excerpt":{"rendered":"<p>Abfallentsorgung Sie wollen Ihre Gr\u00fcnabfall und\/oder Bauabf\u00e4lle loswerden und wissen nicht wohin? Dann schauen Sie auf unserem Recyclinghof in Strausberg vorbei. Hier k\u00f6nnen Sie t\u00e4glich Ihre Abf\u00e4lle aller Art anliefern. Bei Sonderabfall wie Farben und Co wird ein Aufschlag f\u00e4llig bzw. kann die Annahme auch verweigert werden. Gerne stellen wir Ihnen f\u00fcr Ihre Abf\u00e4lle den [&hellip;]<\/p>\n","protected":false},"author":1,"featured_media":0,"parent":0,"menu_order":0,"comment_status":"closed","ping_status":"closed","template":"","meta":{"footnotes":""},"jetpack_sharing_enabled":true,"_links":{"self":[{"href":"https:\/\/beyersdorf-entsorgung.de\/homepage\/wp-json\/wp\/v2\/pages\/504"}],"collection":[{"href":"https:\/\/beyersdorf-entsorgung.de\/homepage\/wp-json\/wp\/v2\/pages"}],"about":[{"href":"https:\/\/beyersdorf-entsorgung.de\/homepage\/wp-json\/wp\/v2\/types\/page"}],"author":[{"embeddable":true,"href":"https:\/\/beyersdorf-entsorgung.de\/homepage\/wp-json\/wp\/v2\/users\/1"}],"replies":[{"embeddable":true,"href":"https:\/\/beyersdorf-entsorgung.de\/homepage\/wp-json\/wp\/v2\/comments?post=504"}],"version-history":[{"count":4,"href":"https:\/\/beyersdorf-entsorgung.de\/homepage\/wp-json\/wp\/v2\/pages\/504\/revisions"}],"predecessor-version":[{"id":679,"href":"https:\/\/beyersdorf-entsorgung.de\/homepage\/wp-json\/wp\/v2\/pages\/504\/revisions\/679"}],"wp:attachment":[{"href":"https:\/\/beyersdorf-entsorgung.de\/homepage\/wp-json\/wp\/v2\/media?parent=504"}],"curies":[{"name":"wp","href":"https:\/\/api.w.org\/{rel}","templated":true}]}}