{"id":502,"date":"2020-07-09T10:13:07","date_gmt":"2020-07-09T08:13:07","guid":{"rendered":"http:\/\/beyersdorf-entsorgung.de\/homepage\/?page_id=502"},"modified":"2023-12-08T12:21:38","modified_gmt":"2023-12-08T11:21:38","slug":"strausberg","status":"publish","type":"page","link":"https:\/\/beyersdorf-entsorgung.de\/homepage\/standorte\/strausberg\/","title":{"rendered":"Strausberg"},"content":{"rendered":"\t\t<div data-elementor-type=\"wp-page\" data-elementor-id=\"502\" class=\"elementor elementor-502\">\n\t\t\t\t\t\t\t\t\t<section class=\"elementor-section elementor-top-section elementor-element elementor-element-36cbb5c elementor-section-boxed elementor-section-height-default elementor-section-height-default\" data-id=\"36cbb5c\" data-element_type=\"section\">\n\t\t\t\t\t\t<div class=\"elementor-container elementor-column-gap-default\">\n\t\t\t\t\t<div class=\"elementor-column elementor-col-50 elementor-top-column elementor-element elementor-element-8e2f6b9\" data-id=\"8e2f6b9\" data-element_type=\"column\">\n\t\t\t<div class=\"elementor-widget-wrap elementor-element-populated\">\n\t\t\t\t\t\t\t\t<div class=\"elementor-element elementor-element-3dfd582 elementor-widget elementor-widget-text-editor\" data-id=\"3dfd582\" data-element_type=\"widget\" data-widget_type=\"text-editor.default\">\n\t\t\t\t<div class=\"elementor-widget-container\">\n\t\t\t\t\t\t\t<p><b>Wir stehen Ihnen an unseren beiden Standorten zu unterschiedlichen \u00d6ffnungszeiten zur Verf\u00fcgung.<\/b><\/p>\n<p><b>\u00d6ffnungszeiten Strausberg:<br><\/b>Montag bis Donnerstag 09:00-12.00 Uhr<br>Samstag geschlossen<br>Sonntag geschlossen<\/p>\n<p>Sonder\u00f6ffnungszeiten teilen wir Ihnen \u00fcber unsere Startseite mit.<\/p>\n<p><b><br>Kontakt:<\/b><br>Tel.&nbsp;0800 5688140<br>Handy: 0177 &#8211; 8770487<br>Fax: 03341-359450<\/p>\n<p>E-Mail: beyersdorf.entsorgung.gmbh@gmail.com<\/p>\n<p><br><\/p>\t\t\t\t\t\t<\/div>\n\t\t\t\t<\/div>\n\t\t\t\t\t<\/div>\n\t\t<\/div>\n\t\t\t\t<div class=\"elementor-column elementor-col-50 elementor-top-column elementor-element elementor-element-a78b443\" data-id=\"a78b443\" data-element_type=\"column\">\n\t\t\t<div class=\"elementor-widget-wrap elementor-element-populated\">\n\t\t\t\t\t\t\t\t<div class=\"elementor-element elementor-element-696497e elementor-widget elementor-widget-google_maps\" data-id=\"696497e\" data-element_type=\"widget\" data-widget_type=\"google_maps.default\">\n\t\t\t\t<div class=\"elementor-widget-container\">\n\t\t\t\t\t<div class=\"elementor-custom-embed\">\n\t\t\t<iframe loading=\"lazy\"\n\t\t\t\t\tsrc=\"https:\/\/maps.google.com\/maps?q=Beyersdorf-Entsorgung%20GmbH%2C%20Flugplatzstra%C3%9Fe%20F2%2C%20Strausberg&#038;t=m&#038;z=15&#038;output=embed&#038;iwloc=near\"\n\t\t\t\t\ttitle=\"Beyersdorf-Entsorgung GmbH, Flugplatzstra\u00dfe F2, Strausberg\"\n\t\t\t\t\taria-label=\"Beyersdorf-Entsorgung GmbH, Flugplatzstra\u00dfe F2, Strausberg\"\n\t\t\t><\/iframe>\n\t\t<\/div>\n\t\t\t\t<\/div>\n\t\t\t\t<\/div>\n\t\t\t\t\t<\/div>\n\t\t<\/div>\n\t\t\t\t\t\t\t<\/div>\n\t\t<\/section>\n\t\t\t\t\t\t\t<\/div>\n\t\t","protected":false},"excerpt":{"rendered":"<p>Wir stehen Ihnen an unseren beiden Standorten zu unterschiedlichen \u00d6ffnungszeiten zur Verf\u00fcgung. \u00d6ffnungszeiten Strausberg: Montag bis Donnerstag 09:00-12.00 Uhr Samstag geschlossen Sonntag geschlossen Sonder\u00f6ffnungszeiten teilen wir Ihnen \u00fcber unsere Startseite mit. Kontakt: Tel.\u00a00800 5688140 Handy: 0177 &#8211; 8770487 Fax: 03341-359450 E-Mail: beyersdorf.entsorgung.gmbh@gmail.com &nbsp;<\/p>\n","protected":false},"author":1,"featured_media":0,"parent":498,"menu_order":0,"comment_status":"closed","ping_status":"closed","template":"","meta":{"footnotes":""},"jetpack_sharing_enabled":true,"_links":{"self":[{"href":"https:\/\/beyersdorf-entsorgung.de\/homepage\/wp-json\/wp\/v2\/pages\/502"}],"collection":[{"href":"https:\/\/beyersdorf-entsorgung.de\/homepage\/wp-json\/wp\/v2\/pages"}],"about":[{"href":"https:\/\/beyersdorf-entsorgung.de\/homepage\/wp-json\/wp\/v2\/types\/page"}],"author":[{"embeddable":true,"href":"https:\/\/beyersdorf-entsorgung.de\/homepage\/wp-json\/wp\/v2\/users\/1"}],"replies":[{"embeddable":true,"href":"https:\/\/beyersdorf-entsorgung.de\/homepage\/wp-json\/wp\/v2\/comments?post=502"}],"version-history":[{"count":25,"href":"https:\/\/beyersdorf-entsorgung.de\/homepage\/wp-json\/wp\/v2\/pages\/502\/revisions"}],"predecessor-version":[{"id":894,"href":"https:\/\/beyersdorf-entsorgung.de\/homepage\/wp-json\/wp\/v2\/pages\/502\/revisions\/894"}],"up":[{"embeddable":true,"href":"https:\/\/beyersdorf-entsorgung.de\/homepage\/wp-json\/wp\/v2\/pages\/498"}],"wp:attachment":[{"href":"https:\/\/beyersdorf-entsorgung.de\/homepage\/wp-json\/wp\/v2\/media?parent=502"}],"curies":[{"name":"wp","href":"https:\/\/api.w.org\/{rel}","templated":true}]}}